{"id":5701,"date":"2025-08-18T10:38:13","date_gmt":"2025-08-18T08:38:13","guid":{"rendered":"https:\/\/tonypotter.es\/?post_type=product&#038;p=5701"},"modified":"2026-05-03T10:52:57","modified_gmt":"2026-05-03T08:52:57","slug":"taller-set-de-aperitivos-domingo-14-junio","status":"publish","type":"product","link":"https:\/\/tonypotter.es\/en\/tienda\/talleres-monograficos\/set-de-aperitivos\/taller-set-de-aperitivos-domingo-14-junio\/","title":{"rendered":"Taller Set de Aperitivos  \u2022  Domingo 14 Junio"},"content":{"rendered":"<p>En este taller se realizan <strong>una tabla y un cuenco peque\u00f1o<\/strong>\u00a0mediante la t\u00e9cnica de planchas y moldes de escayola. No se requiere experiencia previa.<\/p>\n<p>Las piezas se decoran con <strong>engobes <\/strong>(barro l\u00edquido con color).<\/p>\n<p>Todos los <strong>materiales, herramientas y cocciones est\u00e1n incluidas<\/strong>, as\u00ed como un<strong>\u00a0desayuno<\/strong> con caf\u00e9, leches de varios tipos, zumos, batidos, pastas y algo de fruta.<\/p>\n<p>Duraci\u00f3n de la actividad: <strong>4 horas<\/strong>.<\/p>\n<p>Se confirma la realizaci\u00f3n del taller con un <strong>m\u00ednimo de 4 personas<\/strong>. El n\u00ba m\u00e1ximo de alumnos ser\u00e1 de 8.<\/p>\n<p>Si es un regalo, puedes comprar el taller y escribirnos por WhatsApp (623 750 5435) para que te enviemos una <strong>tarjeta-regalo.\u00a0<\/strong><\/p>\n<p>Todos nuestros talleres <strong>son aptos para ni\u00f1os a partir de 6 a\u00f1os<\/strong>. Los ni\u00f1os menores de 16 a\u00f1os tendr\u00e1n que venir acompa\u00f1ados de un adulto que tambi\u00e9n realice la actividad.<\/p>\n<p>LA COMPRA DE ESTE PRODUCTO <strong>NO ADMITE DEVOLUCI\u00d3N DEL IMPORTE<\/strong>, PERO LO PUEDES REGALAR A ALGUIEN SI NO PUEDES ASISTIR.<\/p>\n<p>SE PODR\u00c1 CAMBIAR A OTRO TALLER A LO LARGO DEL CURSO, SI\u00a0 AVISAS CON <strong>15 D\u00cdAS DE ANTELACI\u00d3N.\u00a0<\/strong>SOLO SE PODR\u00c1 REALIZAR UN CAMBIO.<\/p>\n<p>LAS PIEZAS SE TENDR\u00c1N QUE <strong>RECOGER EN EL PLAZO DE 30 D\u00cdAS DESDE LA CELEBRACI\u00d3N DEL TALLER<\/strong>. LAS PIEZAS NO RETIRADAS SER\u00c1N DONADAS.<\/p>","protected":false},"excerpt":{"rendered":"<p><strong>Domingo 14 de junio de 2026<\/strong><\/p>\n<p>10:00 &#8211; 14:00 horas<\/p>","protected":false},"featured_media":5704,"comment_status":"open","ping_status":"closed","template":"","meta":[],"product_brand":[],"product_cat":[113,110],"product_tag":[],"class_list":{"0":"post-5701","1":"product","2":"type-product","3":"status-publish","4":"has-post-thumbnail","6":"product_cat-set-de-aperitivos","7":"product_cat-talleres-monograficos","9":"first","10":"instock","11":"virtual","12":"taxable","13":"purchasable","14":"product-type-simple"},"_links":{"self":[{"href":"https:\/\/tonypotter.es\/en\/wp-json\/wp\/v2\/product\/5701","targetHints":{"allow":["GET"]}}],"collection":[{"href":"https:\/\/tonypotter.es\/en\/wp-json\/wp\/v2\/product"}],"about":[{"href":"https:\/\/tonypotter.es\/en\/wp-json\/wp\/v2\/types\/product"}],"replies":[{"embeddable":true,"href":"https:\/\/tonypotter.es\/en\/wp-json\/wp\/v2\/comments?post=5701"}],"wp:featuredmedia":[{"embeddable":true,"href":"https:\/\/tonypotter.es\/en\/wp-json\/wp\/v2\/media\/5704"}],"wp:attachment":[{"href":"https:\/\/tonypotter.es\/en\/wp-json\/wp\/v2\/media?parent=5701"}],"wp:term":[{"taxonomy":"product_brand","embeddable":true,"href":"https:\/\/tonypotter.es\/en\/wp-json\/wp\/v2\/product_brand?post=5701"},{"taxonomy":"product_cat","embeddable":true,"href":"https:\/\/tonypotter.es\/en\/wp-json\/wp\/v2\/product_cat?post=5701"},{"taxonomy":"product_tag","embeddable":true,"href":"https:\/\/tonypotter.es\/en\/wp-json\/wp\/v2\/product_tag?post=5701"}],"curies":[{"name":"wp","href":"https:\/\/api.w.org\/{rel}","templated":true}]}}