{"id":5684,"date":"2025-08-22T07:38:06","date_gmt":"2025-08-22T05:38:06","guid":{"rendered":"https:\/\/tonypotter.es\/?post_type=product&#038;p=5684"},"modified":"2026-04-30T10:17:11","modified_gmt":"2026-04-30T08:17:11","slug":"taller-crea-tu-taza-viernes-5-junio","status":"publish","type":"product","link":"https:\/\/tonypotter.es\/en\/tienda\/talleres-monograficos\/taller-crea-tu-taza\/taller-crea-tu-taza-viernes-5-junio\/","title":{"rendered":"Taller Crea tu granada  \u2022  Viernes 5 Junio"},"content":{"rendered":"<p>En este taller se realiza <strong>una granada <\/strong>mediante la t\u00e9cnica de pellizco. No se requiere experiencia previa.<\/p>\n<p>Las piezas se decoran con <strong>engobes <\/strong>(barro l\u00edquido con color).<\/p>\n<p>Todos los <strong>materiales, herramientas y cocciones est\u00e1n incluidas. <\/strong>Tendremos <strong>vermut<\/strong> durante toda la actividad.<\/p>\n<p>Duraci\u00f3n de la actividad: <strong>1,5 horas<\/strong>.<\/p>\n<p>Se confirma la realizaci\u00f3n del taller con un <strong>m\u00ednimo de 6 personas<\/strong>. El n\u00ba m\u00e1ximo de alumnos ser\u00e1 de 12.<\/p>\n<p>Si es un regalo, puedes comprar el taller y escribirnos por WhatsApp (623 750 543) para que te enviemos una <strong>tarjeta-regalo.\u00a0<\/strong><\/p>\n<p>Todos nuestros talleres <strong>son aptos para ni\u00f1os a partir de 6 a\u00f1os<\/strong>. Los ni\u00f1os menores de 16 a\u00f1os tendr\u00e1n que venir acompa\u00f1ados de un adulto que tambi\u00e9n realice la actividad.<\/p>\n<p>LA COMPRA DE ESTE PRODUCTO <strong>NO ADMITE DEVOLUCI\u00d3N DEL IMPORTE<\/strong>, PERO LO PUEDES REGALAR A ALGUIEN SI NO PUEDES ASISTIR.<\/p>\n<p>SE PODR\u00c1 CAMBIAR A OTRO TALLER A LO LARGO DEL CURSO, SI\u00a0 AVISAS CON <strong>15 D\u00cdAS DE ANTELACI\u00d3N.\u00a0<\/strong>SOLO SE PODR\u00c1 REALIZAR UN CAMBIO.<\/p>\n<p>LAS PIEZAS SE TENDR\u00c1N QUE <strong>RECOGER EN EL PLAZO DE 30 DIAS DESDE LA CELEBRACI\u00d3N DEL TALLER<\/strong>. LAS PIEZAS NO RETIRADAS SER\u00c1N DONADAS.<\/p>","protected":false},"excerpt":{"rendered":"<p><strong>Viernes 5 de junio de 2026<\/strong><\/p>\n<p>17:00 &#8211; 18:30 horas<\/p>","protected":false},"featured_media":5689,"comment_status":"open","ping_status":"closed","template":"","meta":[],"product_brand":[],"product_cat":[120,110],"product_tag":[],"class_list":{"0":"post-5684","1":"product","2":"type-product","3":"status-publish","4":"has-post-thumbnail","6":"product_cat-taller-crea-tu-taza","7":"product_cat-talleres-monograficos","9":"first","10":"instock","11":"virtual","12":"taxable","13":"purchasable","14":"product-type-simple"},"_links":{"self":[{"href":"https:\/\/tonypotter.es\/en\/wp-json\/wp\/v2\/product\/5684","targetHints":{"allow":["GET"]}}],"collection":[{"href":"https:\/\/tonypotter.es\/en\/wp-json\/wp\/v2\/product"}],"about":[{"href":"https:\/\/tonypotter.es\/en\/wp-json\/wp\/v2\/types\/product"}],"replies":[{"embeddable":true,"href":"https:\/\/tonypotter.es\/en\/wp-json\/wp\/v2\/comments?post=5684"}],"wp:featuredmedia":[{"embeddable":true,"href":"https:\/\/tonypotter.es\/en\/wp-json\/wp\/v2\/media\/5689"}],"wp:attachment":[{"href":"https:\/\/tonypotter.es\/en\/wp-json\/wp\/v2\/media?parent=5684"}],"wp:term":[{"taxonomy":"product_brand","embeddable":true,"href":"https:\/\/tonypotter.es\/en\/wp-json\/wp\/v2\/product_brand?post=5684"},{"taxonomy":"product_cat","embeddable":true,"href":"https:\/\/tonypotter.es\/en\/wp-json\/wp\/v2\/product_cat?post=5684"},{"taxonomy":"product_tag","embeddable":true,"href":"https:\/\/tonypotter.es\/en\/wp-json\/wp\/v2\/product_tag?post=5684"}],"curies":[{"name":"wp","href":"https:\/\/api.w.org\/{rel}","templated":true}]}}