{"id":5464,"date":"2025-08-05T07:50:28","date_gmt":"2025-08-05T05:50:28","guid":{"rendered":"https:\/\/tonypotter.es\/?post_type=product&#038;p=5464"},"modified":"2026-04-15T07:59:04","modified_gmt":"2026-04-15T05:59:04","slug":"taller-iniciacion-torno-alfarero-viernes-17-julio","status":"publish","type":"product","link":"https:\/\/tonypotter.es\/en\/tienda\/talleres-monograficos\/taller-iniciacion-torno-alfarero-viernes-17-julio\/","title":{"rendered":"Taller Iniciaci\u00f3n Torno Alfarero  \u2022  Viernes 17 Julio"},"content":{"rendered":"<p>En este taller se iniciar\u00e1 el trabajo con el <strong>torno alfarero<\/strong>. No se requiere experiencia previa.<\/p>\n<p>Se aprender\u00e1 a centrar la pella, y a subir formas cil\u00edndricas. Del trabajo realizado, se elegir\u00e1n<strong> 2 piezas<\/strong> para su cocci\u00f3n.<\/p>\n<p>Todos los <strong>materiales, herramientas y cocciones est\u00e1n incluidas<\/strong>, as\u00ed como una <strong>merienda<\/strong>\u00a0con caf\u00e9, leches de varios tipos, zumos, batidos, pastas y algo de fruta.<\/p>\n<p>La decoraci\u00f3n de las piezas no est\u00e1 incluida en el taller, pero una vez bizcochadas (primera cocci\u00f3n a 980\u00baC) se podr\u00e1n pintar reservando en la sala de pintura (15 \u20ac).<\/p>\n<p>Duraci\u00f3n de la actividad: <strong>2,5 horas<\/strong>.<\/p>\n<p>Se confirma la realizaci\u00f3n del taller con un <strong>m\u00ednimo de 3 personas<\/strong>. El n\u00ba m\u00e1ximo de alumnos ser\u00e1 de 6.<\/p>\n<p>Si es un regalo, puedes comprar el taller y escribirnos por WhatsApp (623 750 543) para que te enviemos una <strong>tarjeta-regalo.\u00a0<\/strong><\/p>\n<p>Todos nuestros talleres <strong>son aptos para ni\u00f1os a partir de 6 a\u00f1os<\/strong>. Los ni\u00f1os menores de 16 a\u00f1os tendr\u00e1n que venir acompa\u00f1ados de un adulto que tambi\u00e9n realice la actividad.<\/p>\n<p>LA COMPRA DE ESTE PRODUCTO <strong>NO ADMITE DEVOLUCI\u00d3N DEL IMPORTE<\/strong>, PERO LO PUEDES REGALAR A ALGUIEN SI NO PUEDES ASISTIR.<\/p>\n<p>SE PODR\u00c1 CAMBIAR A OTRO TALLER A LO LARGO DEL CURSO, SI\u00a0 AVISAS CON <strong>15 D\u00cdAS DE ANTELACI\u00d3N.\u00a0<\/strong>SOLO SE PODR\u00c1 REALIZAR UN CAMBIO.<\/p>\n<p>LAS PIEZAS SE TENDR\u00c1N QUE <strong>RECOGER EN EL PLAZO DE 30 D\u00cdAS DESDE LA CELEBRACI\u00d3N DEL TALLER<\/strong>. LAS PIEZAS NO RETIRADAS SER\u00c1N DONADAS.<\/p>","protected":false},"excerpt":{"rendered":"<p><strong>Viernes 17 de julio de 2026<\/strong><\/p>\n<p>17:30 &#8211; 20:00 horas<\/p>","protected":false},"featured_media":5465,"comment_status":"closed","ping_status":"closed","template":"","meta":[],"product_brand":[],"product_cat":[110,121],"product_tag":[],"class_list":{"0":"post-5464","1":"product","2":"type-product","3":"status-publish","4":"has-post-thumbnail","6":"product_cat-talleres-monograficos","7":"product_cat-torno-alfarero","9":"first","10":"instock","11":"virtual","12":"taxable","13":"purchasable","14":"product-type-simple"},"_links":{"self":[{"href":"https:\/\/tonypotter.es\/en\/wp-json\/wp\/v2\/product\/5464","targetHints":{"allow":["GET"]}}],"collection":[{"href":"https:\/\/tonypotter.es\/en\/wp-json\/wp\/v2\/product"}],"about":[{"href":"https:\/\/tonypotter.es\/en\/wp-json\/wp\/v2\/types\/product"}],"replies":[{"embeddable":true,"href":"https:\/\/tonypotter.es\/en\/wp-json\/wp\/v2\/comments?post=5464"}],"wp:featuredmedia":[{"embeddable":true,"href":"https:\/\/tonypotter.es\/en\/wp-json\/wp\/v2\/media\/5465"}],"wp:attachment":[{"href":"https:\/\/tonypotter.es\/en\/wp-json\/wp\/v2\/media?parent=5464"}],"wp:term":[{"taxonomy":"product_brand","embeddable":true,"href":"https:\/\/tonypotter.es\/en\/wp-json\/wp\/v2\/product_brand?post=5464"},{"taxonomy":"product_cat","embeddable":true,"href":"https:\/\/tonypotter.es\/en\/wp-json\/wp\/v2\/product_cat?post=5464"},{"taxonomy":"product_tag","embeddable":true,"href":"https:\/\/tonypotter.es\/en\/wp-json\/wp\/v2\/product_tag?post=5464"}],"curies":[{"name":"wp","href":"https:\/\/api.w.org\/{rel}","templated":true}]}}