{"id":5440,"date":"2026-04-02T16:04:11","date_gmt":"2026-04-02T14:04:11","guid":{"rendered":"https:\/\/tonypotter.es\/?post_type=product&#038;p=5440"},"modified":"2026-04-16T16:50:08","modified_gmt":"2026-04-16T14:50:08","slug":"experiencia-pinta-tu-pieza","status":"publish","type":"product","link":"https:\/\/tonypotter.es\/en\/tienda\/mwb_wgm_giftcard\/experiencia-pinta-tu-pieza\/","title":{"rendered":"Tarjeta regalo \u00abPinta tu pieza\u00bb"},"content":{"rendered":"<p>\u00bfEn qu\u00e9 consiste la experiencia?<\/p>\n<p>El taller <strong>\u00abPinta tu pieza\u00bb <\/strong>es nuestra actividad estrella. El beneficiario de este regalo vendr\u00e1 al taller, elegir\u00e1 una de nuestras piezas artesanales (tazas, boles, platos&#8230;) y dispondr\u00e1 de todo el tiempo y materiales necesarios para darle vida.<\/p>\n<p><strong>\u00bfC\u00f3mo funciona el regalo?<\/strong><br \/>\n1. Compra: Tras finalizar el pago, recibir\u00e1s de forma inmediata un PDF con dise\u00f1o artesanal en tu email.<br \/>\n2. Entrega: Puedes imprimirlo o reenviarlo por email a esa persona especial.<br \/>\n3. Canje: El PDF incluye un c\u00f3digo \u00fanico y un enlace directo a nuestra agenda para que el agasajado elija el d\u00eda y hora que mejor le venga.<\/p>\n<p>Vigencia de la tarjeta: 6 meses desde la fecha de compra.<\/p>","protected":false},"excerpt":{"rendered":"<p data-path-to-node=\"5,1,1,0\">Regala un momento de desconexi\u00f3n y creatividad. Con esta tarjeta regalo, el destinatario podr\u00e1 elegir su pieza favorita de nuestra colecci\u00f3n, dise\u00f1arla y pintarla con nuestra paleta de colores cer\u00e1micos. Una experiencia t\u00e1ctil y \u00fanica en nuestro taller de confianza.<\/p>\n<p data-path-to-node=\"5,1,1,1\"><b data-path-to-node=\"5,1,1,1\" data-index-in-node=\"0\">Incluye:<\/b> Pieza a elegir, materiales, esmaltado, hornada y asesoramiento personalizado.<\/p>","protected":false},"featured_media":4020,"comment_status":"open","ping_status":"closed","template":"","meta":[],"product_brand":[],"product_cat":[124],"product_tag":[],"class_list":{"0":"post-5440","1":"product","2":"type-product","3":"status-publish","4":"has-post-thumbnail","6":"product_cat-mwb_wgm_giftcard","8":"first","9":"instock","10":"downloadable","11":"virtual","12":"sold-individually","13":"purchasable","14":"product-type-wgm_gift_card"},"_links":{"self":[{"href":"https:\/\/tonypotter.es\/en\/wp-json\/wp\/v2\/product\/5440","targetHints":{"allow":["GET"]}}],"collection":[{"href":"https:\/\/tonypotter.es\/en\/wp-json\/wp\/v2\/product"}],"about":[{"href":"https:\/\/tonypotter.es\/en\/wp-json\/wp\/v2\/types\/product"}],"replies":[{"embeddable":true,"href":"https:\/\/tonypotter.es\/en\/wp-json\/wp\/v2\/comments?post=5440"}],"wp:featuredmedia":[{"embeddable":true,"href":"https:\/\/tonypotter.es\/en\/wp-json\/wp\/v2\/media\/4020"}],"wp:attachment":[{"href":"https:\/\/tonypotter.es\/en\/wp-json\/wp\/v2\/media?parent=5440"}],"wp:term":[{"taxonomy":"product_brand","embeddable":true,"href":"https:\/\/tonypotter.es\/en\/wp-json\/wp\/v2\/product_brand?post=5440"},{"taxonomy":"product_cat","embeddable":true,"href":"https:\/\/tonypotter.es\/en\/wp-json\/wp\/v2\/product_cat?post=5440"},{"taxonomy":"product_tag","embeddable":true,"href":"https:\/\/tonypotter.es\/en\/wp-json\/wp\/v2\/product_tag?post=5440"}],"curies":[{"name":"wp","href":"https:\/\/api.w.org\/{rel}","templated":true}]}}